{"id":8119,"date":"2022-06-27T22:52:50","date_gmt":"2022-06-27T21:52:50","guid":{"rendered":"https:\/\/www.ntic-service.com\/?page_id=8119"},"modified":"2023-10-07T08:15:13","modified_gmt":"2023-10-07T07:15:13","slug":"politique-de-confidentialite-2","status":"publish","type":"page","link":"https:\/\/www.ntic-service.com\/en\/politique-de-confidentialite-2\/","title":{"rendered":"Privacy policy"},"content":{"rendered":"<h2 class=\"wp-block-heading\">Who we are<\/h2>\n\n\n\n<p>L\u2019adresse de notre site est&nbsp;: https:\/\/www.ntic-service.com.<\/p>\n\n\n\n<h2 class=\"wp-block-heading\">Comments<\/h2>\n\n\n\n<p>When you leave a comment on our site, the data entered in the comment form, as well as your IP address and your browser's user agent, are collected to help us detect undesirable comments.<\/p>\n\n\n\n<p>An anonymized string created from your e-mail address (also known as a hash) may be sent to the Gravatar service to verify your use of the service. Gravatar's privacy policy is available here: https:\/\/automattic.com\/privacy\/. Once your comment has been validated, your profile photo will be publicly visible alongside your comment.<\/p>\n\n\n\n<h2 class=\"wp-block-heading\">Media<\/h2>\n\n\n\n<p>Si vous t\u00e9l\u00e9versez des images sur le site, nous vous conseillons d\u2019\u00e9viter de t\u00e9l\u00e9verser des images contenant des donn\u00e9es EXIF de coordonn\u00e9es GPS. Les personnes visitant votre site peuvent t\u00e9l\u00e9charger et extraire des donn\u00e9es de localisation depuis ces images.<\/p>\n\n\n\n<h2 class=\"wp-block-heading\">Cookies<\/h2>\n\n\n\n<p>If you leave a comment on our site, you will be asked to save your name, e-mail address and site in cookies. This is only for your convenience, so that you don't have to enter this information if you leave another comment later. These cookies expire after one year.<\/p>\n\n\n\n<p>If you go to the login page, a temporary cookie will be created to determine whether your browser accepts cookies. It contains no personal data and will be deleted automatically when you close your browser.<\/p>\n\n\n\n<p>When you log in, we will set a number of cookies to record your login information and screen preferences. The lifetime of a connection cookie is two days, that of a screen option cookie is one year. If you check \"Remember me\", your login cookie will be kept for two weeks. If you log out of your account, the login cookie will be deleted.<\/p>\n\n\n\n<p>By modifying or publishing a publication, an additional cookie will be stored in your browser. This cookie does not contain any personal data. It simply indicates the ID of the publication you have just modified. It expires after one day.<\/p>\n\n\n\n<h2 class=\"wp-block-heading\">Embedded content from other sites<\/h2>\n\n\n\n<p>Les articles de ce site peuvent inclure des contenus int\u00e9gr\u00e9s (par exemple des vid\u00e9os, images, articles\u2026). Le contenu int\u00e9gr\u00e9 depuis d\u2019autres sites se comporte de la m\u00eame mani\u00e8re que si le visiteur se rendait sur cet autre site.<\/p>\n\n\n\n<p>Ces sites web pourraient collecter des donn\u00e9es sur vous, utiliser des cookies, embarquer des outils de suivis tiers, suivre vos interactions avec ces contenus embarqu\u00e9s si vous disposez d\u2019un compte connect\u00e9 sur leur site web.<\/p>\n\n\n\n<h2 class=\"wp-block-heading\">Use and transmission of your personal data<\/h2>\n\n\n\n<p>If you request a password reset, your IP address will be included in the reset e-mail.<\/p>\n\n\n\n<h2 class=\"wp-block-heading\">Data storage periods<\/h2>\n\n\n\n<p>If you leave a comment, the comment and its metadata are retained indefinitely. This makes it possible to automatically recognize and approve subsequent comments, rather than leaving them in the moderation queue.<\/p>\n\n\n\n<p>For accounts that register on our site (where applicable), we also store the personal data indicated in their profile. All accounts can view, modify or delete their personal information at any time (with the exception of their login). Site managers can also view and modify this information.<\/p>\n\n\n\n<h2 class=\"wp-block-heading\">Les droits que vous avez sur vos donn\u00e9es<\/h2>\n\n\n\n<p>Si vous avez un compte ou si vous avez laiss\u00e9 des commentaires sur le site, vous pouvez demander \u00e0 recevoir un fichier contenant toutes les donn\u00e9es personnelles que nous poss\u00e9dons \u00e0 votre sujet, incluant celles que vous nous avez fournies. Vous pouvez \u00e9galement demander la suppression des donn\u00e9es personnelles vous concernant. Cela ne prend pas en compte les donn\u00e9es stock\u00e9es \u00e0 des fins administratives, l\u00e9gales ou pour des raisons de s\u00e9curit\u00e9.<\/p>\n\n\n\n<h2 class=\"wp-block-heading\">Where your data is sent<\/h2>\n\n\n\n<p>Visitor comments can be checked using an automated spam detection service.<\/p>","protected":false},"excerpt":{"rendered":"<p>Qui sommes-nous&nbsp;? L\u2019adresse de notre site est&nbsp;: https:\/\/www.ntic-service.com. Commentaires Quand vous laissez un commentaire sur notre site, les donn\u00e9es inscrites dans le formulaire de commentaire, ainsi que votre adresse IP et l\u2019agent utilisateur de votre navigateur sont collect\u00e9s pour nous aider \u00e0 la d\u00e9tection des commentaires ind\u00e9sirables. Une cha\u00eene anonymis\u00e9e cr\u00e9\u00e9e \u00e0 partir de votre [&hellip;]<\/p>","protected":false},"author":1,"featured_media":0,"parent":0,"menu_order":0,"comment_status":"closed","ping_status":"closed","template":"","meta":{"content-type":"","footnotes":""},"class_list":["post-8119","page","type-page","status-publish","hentry"],"yoast_head":"<!-- This site is optimized with the Yoast SEO plugin v23.1 - https:\/\/yoast.com\/wordpress\/plugins\/seo\/ -->\n<title>Politique de confidentialit\u00e9 - Agence digitale | NTIC Service<\/title>\n<meta name=\"description\" content=\"En savoir plus sur nos politiques de confidentialit\u00e9\" \/>\n<meta name=\"robots\" content=\"index, follow, max-snippet:-1, max-image-preview:large, max-video-preview:-1\" \/>\n<link rel=\"canonical\" href=\"https:\/\/www.ntic-service.com\/en\/politique-de-confidentialite-2\/\" \/>\n<meta property=\"og:locale\" content=\"en_US\" \/>\n<meta property=\"og:type\" content=\"article\" \/>\n<meta property=\"og:title\" content=\"Politique de confidentialit\u00e9 - Agence digitale | NTIC Service\" \/>\n<meta property=\"og:description\" content=\"En savoir plus sur nos politiques de confidentialit\u00e9\" \/>\n<meta property=\"og:url\" content=\"https:\/\/www.ntic-service.com\/en\/politique-de-confidentialite-2\/\" \/>\n<meta property=\"og:site_name\" content=\"Agence digitale | NTIC Service\" \/>\n<meta property=\"article:publisher\" content=\"https:\/\/www.facebook.com\/nticsert\" \/>\n<meta property=\"article:modified_time\" content=\"2023-10-07T07:15:13+00:00\" \/>\n<meta property=\"og:image\" content=\"https:\/\/i0.wp.com\/www.ntic-service.com\/wp-content\/uploads\/2021\/10\/cover-facebook.jpg?fit=1200%2C450&ssl=1\" \/>\n\t<meta property=\"og:image:width\" content=\"1200\" \/>\n\t<meta property=\"og:image:height\" content=\"450\" \/>\n\t<meta property=\"og:image:type\" content=\"image\/jpeg\" \/>\n<meta name=\"twitter:card\" content=\"summary_large_image\" \/>\n<meta name=\"twitter:site\" content=\"@nticsert\" \/>\n<meta name=\"twitter:label1\" content=\"Est. reading time\" \/>\n\t<meta name=\"twitter:data1\" content=\"3 minutes\" \/>\n<script type=\"application\/ld+json\" class=\"yoast-schema-graph\">{\"@context\":\"https:\/\/schema.org\",\"@graph\":[{\"@type\":\"WebPage\",\"@id\":\"https:\/\/www.ntic-service.com\/politique-de-confidentialite-2\/\",\"url\":\"https:\/\/www.ntic-service.com\/politique-de-confidentialite-2\/\",\"name\":\"Politique de confidentialit\u00e9 - Agence digitale | NTIC Service\",\"isPartOf\":{\"@id\":\"https:\/\/www.ntic-service.com\/#website\"},\"datePublished\":\"2022-06-27T21:52:50+00:00\",\"dateModified\":\"2023-10-07T07:15:13+00:00\",\"description\":\"En savoir plus sur nos politiques de confidentialit\u00e9\",\"breadcrumb\":{\"@id\":\"https:\/\/www.ntic-service.com\/politique-de-confidentialite-2\/#breadcrumb\"},\"inLanguage\":\"en-US\",\"potentialAction\":[{\"@type\":\"ReadAction\",\"target\":[\"https:\/\/www.ntic-service.com\/politique-de-confidentialite-2\/\"]}]},{\"@type\":\"BreadcrumbList\",\"@id\":\"https:\/\/www.ntic-service.com\/politique-de-confidentialite-2\/#breadcrumb\",\"itemListElement\":[{\"@type\":\"ListItem\",\"position\":1,\"name\":\"Accueil\",\"item\":\"https:\/\/www.ntic-service.com\/\"},{\"@type\":\"ListItem\",\"position\":2,\"name\":\"Politique de confidentialit\u00e9\"}]},{\"@type\":\"WebSite\",\"@id\":\"https:\/\/www.ntic-service.com\/#website\",\"url\":\"https:\/\/www.ntic-service.com\/\",\"name\":\"Agence digitale | NTIC Service\",\"description\":\"Le socle des solutions num\u00e9riques\",\"publisher\":{\"@id\":\"https:\/\/www.ntic-service.com\/#organization\"},\"potentialAction\":[{\"@type\":\"SearchAction\",\"target\":{\"@type\":\"EntryPoint\",\"urlTemplate\":\"https:\/\/www.ntic-service.com\/?s={search_term_string}\"},\"query-input\":\"required name=search_term_string\"}],\"inLanguage\":\"en-US\"},{\"@type\":\"Organization\",\"@id\":\"https:\/\/www.ntic-service.com\/#organization\",\"name\":\"NTIC Service\",\"url\":\"https:\/\/www.ntic-service.com\/\",\"logo\":{\"@type\":\"ImageObject\",\"inLanguage\":\"en-US\",\"@id\":\"https:\/\/www.ntic-service.com\/#\/schema\/logo\/image\/\",\"url\":\"https:\/\/www.ntic-service.com\/wp-content\/uploads\/2021\/10\/logo-900x900-1.png\",\"contentUrl\":\"https:\/\/www.ntic-service.com\/wp-content\/uploads\/2021\/10\/logo-900x900-1.png\",\"width\":900,\"height\":900,\"caption\":\"NTIC Service\"},\"image\":{\"@id\":\"https:\/\/www.ntic-service.com\/#\/schema\/logo\/image\/\"},\"sameAs\":[\"https:\/\/www.facebook.com\/nticsert\",\"https:\/\/x.com\/nticsert\",\"https:\/\/www.instagram.com\/nticservices\",\"https:\/\/www.linkedin.com\/company\/ntic-service\",\"https:\/\/www.youtube.com\/channel\/UCKVpURkrYJFNJuzuIQn2uvg\"]}]}<\/script>\n<!-- \/ Yoast SEO plugin. -->","yoast_head_json":{"title":"Politique de confidentialit\u00e9 - Agence digitale | NTIC Service","description":"En savoir plus sur nos politiques de confidentialit\u00e9","robots":{"index":"index","follow":"follow","max-snippet":"max-snippet:-1","max-image-preview":"max-image-preview:large","max-video-preview":"max-video-preview:-1"},"canonical":"https:\/\/www.ntic-service.com\/en\/politique-de-confidentialite-2\/","og_locale":"en_US","og_type":"article","og_title":"Politique de confidentialit\u00e9 - Agence digitale | NTIC Service","og_description":"En savoir plus sur nos politiques de confidentialit\u00e9","og_url":"https:\/\/www.ntic-service.com\/en\/politique-de-confidentialite-2\/","og_site_name":"Agence digitale | NTIC Service","article_publisher":"https:\/\/www.facebook.com\/nticsert","article_modified_time":"2023-10-07T07:15:13+00:00","og_image":[{"width":1200,"height":450,"url":"https:\/\/i0.wp.com\/www.ntic-service.com\/wp-content\/uploads\/2021\/10\/cover-facebook.jpg?fit=1200%2C450&ssl=1","type":"image\/jpeg"}],"twitter_card":"summary_large_image","twitter_site":"@nticsert","twitter_misc":{"Est. reading time":"3 minutes"},"schema":{"@context":"https:\/\/schema.org","@graph":[{"@type":"WebPage","@id":"https:\/\/www.ntic-service.com\/politique-de-confidentialite-2\/","url":"https:\/\/www.ntic-service.com\/politique-de-confidentialite-2\/","name":"Politique de confidentialit\u00e9 - Agence digitale | NTIC Service","isPartOf":{"@id":"https:\/\/www.ntic-service.com\/#website"},"datePublished":"2022-06-27T21:52:50+00:00","dateModified":"2023-10-07T07:15:13+00:00","description":"En savoir plus sur nos politiques de confidentialit\u00e9","breadcrumb":{"@id":"https:\/\/www.ntic-service.com\/politique-de-confidentialite-2\/#breadcrumb"},"inLanguage":"en-US","potentialAction":[{"@type":"ReadAction","target":["https:\/\/www.ntic-service.com\/politique-de-confidentialite-2\/"]}]},{"@type":"BreadcrumbList","@id":"https:\/\/www.ntic-service.com\/politique-de-confidentialite-2\/#breadcrumb","itemListElement":[{"@type":"ListItem","position":1,"name":"Accueil","item":"https:\/\/www.ntic-service.com\/"},{"@type":"ListItem","position":2,"name":"Politique de confidentialit\u00e9"}]},{"@type":"WebSite","@id":"https:\/\/www.ntic-service.com\/#website","url":"https:\/\/www.ntic-service.com\/","name":"Agence digitale | NTIC Service","description":"Le socle des solutions num\u00e9riques","publisher":{"@id":"https:\/\/www.ntic-service.com\/#organization"},"potentialAction":[{"@type":"SearchAction","target":{"@type":"EntryPoint","urlTemplate":"https:\/\/www.ntic-service.com\/?s={search_term_string}"},"query-input":"required name=search_term_string"}],"inLanguage":"en-US"},{"@type":"Organization","@id":"https:\/\/www.ntic-service.com\/#organization","name":"NTIC Service","url":"https:\/\/www.ntic-service.com\/","logo":{"@type":"ImageObject","inLanguage":"en-US","@id":"https:\/\/www.ntic-service.com\/#\/schema\/logo\/image\/","url":"https:\/\/www.ntic-service.com\/wp-content\/uploads\/2021\/10\/logo-900x900-1.png","contentUrl":"https:\/\/www.ntic-service.com\/wp-content\/uploads\/2021\/10\/logo-900x900-1.png","width":900,"height":900,"caption":"NTIC Service"},"image":{"@id":"https:\/\/www.ntic-service.com\/#\/schema\/logo\/image\/"},"sameAs":["https:\/\/www.facebook.com\/nticsert","https:\/\/x.com\/nticsert","https:\/\/www.instagram.com\/nticservices","https:\/\/www.linkedin.com\/company\/ntic-service","https:\/\/www.youtube.com\/channel\/UCKVpURkrYJFNJuzuIQn2uvg"]}]}},"_links":{"self":[{"href":"https:\/\/www.ntic-service.com\/en\/wp-json\/wp\/v2\/pages\/8119","targetHints":{"allow":["GET"]}}],"collection":[{"href":"https:\/\/www.ntic-service.com\/en\/wp-json\/wp\/v2\/pages"}],"about":[{"href":"https:\/\/www.ntic-service.com\/en\/wp-json\/wp\/v2\/types\/page"}],"author":[{"embeddable":true,"href":"https:\/\/www.ntic-service.com\/en\/wp-json\/wp\/v2\/users\/1"}],"replies":[{"embeddable":true,"href":"https:\/\/www.ntic-service.com\/en\/wp-json\/wp\/v2\/comments?post=8119"}],"version-history":[{"count":2,"href":"https:\/\/www.ntic-service.com\/en\/wp-json\/wp\/v2\/pages\/8119\/revisions"}],"predecessor-version":[{"id":11331,"href":"https:\/\/www.ntic-service.com\/en\/wp-json\/wp\/v2\/pages\/8119\/revisions\/11331"}],"wp:attachment":[{"href":"https:\/\/www.ntic-service.com\/en\/wp-json\/wp\/v2\/media?parent=8119"}],"curies":[{"name":"wp","href":"https:\/\/api.w.org\/{rel}","templated":true}]}}