{"id":4431,"date":"2020-10-12T10:47:09","date_gmt":"2020-10-12T10:47:09","guid":{"rendered":"http:\/\/wpdemo.archiwp.com\/onum\/?page_id=4431"},"modified":"2020-10-12T10:47:09","modified_gmt":"2020-10-12T10:47:09","slug":"404-2","status":"publish","type":"page","link":"https:\/\/www.ntic-service.com\/en\/404-2\/","title":{"rendered":"404"},"content":{"rendered":"<div data-elementor-type=\"wp-page\" data-elementor-id=\"4431\" class=\"elementor elementor-4431\" data-elementor-settings=\"[]\">\n\t\t\t\t\t\t\t<div class=\"elementor-section-wrap\">\n\t\t\t\t\t\t\t<section data-color=\"#fe4c1c,#00c3ff,#0160e7\" class=\"elementor-section elementor-top-section elementor-element elementor-element-aeb5f86 particles-js elementor-section-height-full elementor-section-content-middle elementor-section-boxed elementor-section-height-default elementor-section-items-middle\" data-id=\"aeb5f86\" data-element_type=\"section\">\n\t\t\t\t\t\t<div class=\"elementor-container elementor-column-gap-no\">\n\t\t\t\t\t<div class=\"elementor-column elementor-col-33 elementor-top-column elementor-element elementor-element-ba87870 ot-flex-column-vertical\" data-id=\"ba87870\" data-element_type=\"column\">\n\t\t\t<div class=\"elementor-widget-wrap\">\n\t\t\t\t\t\t\t\t\t<\/div>\n\t\t<\/div>\n\t\t\t\t<div class=\"elementor-column elementor-col-33 elementor-top-column elementor-element elementor-element-2017a47 ot-flex-column-vertical\" data-id=\"2017a47\" data-element_type=\"column\">\n\t\t\t<div class=\"elementor-widget-wrap elementor-element-populated\">\n\t\t\t\t\t\t\t\t<div class=\"elementor-element elementor-element-152545f elementor-widget elementor-widget-image\" data-id=\"152545f\" data-element_type=\"widget\" data-widget_type=\"image.default\">\n\t\t\t\t<div class=\"elementor-widget-container\">\n\t\t\t\t\t\t\t\t\t\t\t\t\t\t\t<img decoding=\"async\" width=\"707\" height=\"260\" src=\"https:\/\/i0.wp.com\/www.ntic-service.com\/wp-content\/uploads\/2020\/10\/404.png?fit=707%2C260&amp;ssl=1\" class=\"attachment-full size-full\" alt=\"\" srcset=\"https:\/\/i0.wp.com\/www.ntic-service.com\/wp-content\/uploads\/2020\/10\/404.png?w=707&amp;ssl=1 707w, https:\/\/i0.wp.com\/www.ntic-service.com\/wp-content\/uploads\/2020\/10\/404.png?resize=300%2C110&amp;ssl=1 300w\" sizes=\"(max-width: 707px) 100vw, 707px\" \/>\t\t\t\t\t\t\t\t\t\t\t\t\t\t\t<\/div>\n\t\t\t\t<\/div>\n\t\t\t\t<div class=\"elementor-element elementor-element-0dfc6b2 elementor-widget elementor-widget-heading\" data-id=\"0dfc6b2\" data-element_type=\"widget\" data-widget_type=\"heading.default\">\n\t\t\t\t<div class=\"elementor-widget-container\">\n\t\t\t<h2 class=\"elementor-heading-title elementor-size-default\">Sorry! Page Not Found!<\/h2>\t\t<\/div>\n\t\t\t\t<\/div>\n\t\t\t\t<section class=\"elementor-section elementor-inner-section elementor-element elementor-element-c14a1fd elementor-section-boxed elementor-section-height-default elementor-section-height-default\" data-id=\"c14a1fd\" data-element_type=\"section\">\n\t\t\t\t\t\t<div class=\"elementor-container elementor-column-gap-no\">\n\t\t\t\t\t<div class=\"elementor-column elementor-col-100 elementor-inner-column elementor-element elementor-element-921895c ot-flex-column-vertical\" data-id=\"921895c\" data-element_type=\"column\">\n\t\t\t<div class=\"elementor-widget-wrap elementor-element-populated\">\n\t\t\t\t\t\t\t\t<div class=\"elementor-element elementor-element-362fad3 elementor-widget elementor-widget-text-editor\" data-id=\"362fad3\" data-element_type=\"widget\" data-widget_type=\"text-editor.default\">\n\t\t\t\t<div class=\"elementor-widget-container\">\n\t\t\t\t\t\t\tOops! The page you are looking for does not exist. Please <br> return to the site\u2019s homepage.\t\t\t\t\t\t<\/div>\n\t\t\t\t<\/div>\n\t\t\t\t<div class=\"elementor-element elementor-element-ec4c2bc elementor-widget elementor-widget-wp-widget-search\" data-id=\"ec4c2bc\" data-element_type=\"widget\" data-widget_type=\"wp-widget-search.default\">\n\t\t\t\t<div class=\"elementor-widget-container\">\n\t\t\t<form role=\"search\" method=\"get\" class=\"search-form\" action=\"https:\/\/www.ntic-service.com\/en\/\" data-trp-original-action=\"https:\/\/www.ntic-service.com\/en\/\" >\r\n        <input type=\"search\" class=\"search-field\" placeholder=\"Search&hellip;\" value=\"\" name=\"s\" \/>\r\n    \t<button type=\"submit\" class=\"search-submit\"><i class=\"flaticon-search\"><\/i><\/button>\r\n    <input type=\"hidden\" name=\"trp-form-language\" value=\"en\"\/><\/form>\t\t<\/div>\n\t\t\t\t<\/div>\n\t\t\t\t<div class=\"elementor-element elementor-element-c8ee6ae elementor-align-center elementor-widget elementor-widget-ibutton\" data-id=\"c8ee6ae\" data-element_type=\"widget\" data-widget_type=\"ibutton.default\">\n\t\t\t\t<div class=\"elementor-widget-container\">\n\t\t\t\t\t<div class=\"ot-button\">\r\n\t\t\t<a href=\"http:\/\/wpdemo.archiwp.com\/onum\" class=\"octf-btn octf-btn-third octf-btn-icon\"><span>Take Me Home <i class=\"flaticon-right-arrow-1\"><\/i><\/span> \r\n\t\t\t\t\t\t\t<\/a>\r\n\t    <\/div>\r\n\t    \t\t<\/div>\n\t\t\t\t<\/div>\n\t\t\t\t\t<\/div>\n\t\t<\/div>\n\t\t\t\t\t\t\t<\/div>\n\t\t<\/section>\n\t\t\t\t\t<\/div>\n\t\t<\/div>\n\t\t\t\t<div class=\"elementor-column elementor-col-33 elementor-top-column elementor-element elementor-element-6bb9e61 ot-flex-column-vertical\" data-id=\"6bb9e61\" data-element_type=\"column\">\n\t\t\t<div class=\"elementor-widget-wrap\">\n\t\t\t\t\t\t\t\t\t<\/div>\n\t\t<\/div>\n\t\t\t\t\t\t\t<\/div>\n\t\t<\/section>\n\t\t\t\t\t\t<\/div>\n\t\t\t\t\t<\/div>","protected":false},"excerpt":{"rendered":"<p>Sorry! Page Not Found! Oops! The page you are looking for does not exist. Please return to the site\u2019s homepage. Take Me Home<\/p>","protected":false},"author":1,"featured_media":0,"parent":0,"menu_order":0,"comment_status":"closed","ping_status":"closed","template":"elementor_canvas","meta":{"content-type":"","footnotes":""},"class_list":["post-4431","page","type-page","status-publish","hentry"],"yoast_head":"<!-- This site is optimized with the Yoast SEO plugin v23.1 - https:\/\/yoast.com\/wordpress\/plugins\/seo\/ -->\n<title>404 - Agence digitale | NTIC Service<\/title>\n<meta name=\"description\" content=\"Notre agence digitale vous propose une large gamme de services informatiques, du d\u00e9veloppement web aux applications en passant par les solutions cloud, l\u2019infog\u00e9rance et la s\u00e9curit\u00e9 informatique.\" \/>\n<meta name=\"robots\" content=\"index, follow, max-snippet:-1, max-image-preview:large, max-video-preview:-1\" \/>\n<link rel=\"canonical\" href=\"https:\/\/www.ntic-service.com\/en\/404-2\/\" \/>\n<meta property=\"og:locale\" content=\"en_US\" \/>\n<meta property=\"og:type\" content=\"article\" \/>\n<meta property=\"og:title\" content=\"404 - Agence digitale | NTIC Service\" \/>\n<meta property=\"og:description\" content=\"Notre agence digitale vous propose une large gamme de services informatiques, du d\u00e9veloppement web aux applications en passant par les solutions cloud, l\u2019infog\u00e9rance et la s\u00e9curit\u00e9 informatique.\" \/>\n<meta property=\"og:url\" content=\"https:\/\/www.ntic-service.com\/en\/404-2\/\" \/>\n<meta property=\"og:site_name\" content=\"Agence digitale | NTIC Service\" \/>\n<meta property=\"article:publisher\" content=\"https:\/\/www.facebook.com\/nticsert\" \/>\n<meta property=\"og:image\" content=\"https:\/\/onum-wp.s3.amazonaws.com\/images\/404.png\" \/>\n<meta name=\"twitter:card\" content=\"summary_large_image\" \/>\n<meta name=\"twitter:site\" content=\"@nticsert\" \/>\n<script type=\"application\/ld+json\" class=\"yoast-schema-graph\">{\"@context\":\"https:\/\/schema.org\",\"@graph\":[{\"@type\":\"WebPage\",\"@id\":\"https:\/\/www.ntic-service.com\/404-2\/\",\"url\":\"https:\/\/www.ntic-service.com\/404-2\/\",\"name\":\"404 - Agence digitale | NTIC Service\",\"isPartOf\":{\"@id\":\"https:\/\/www.ntic-service.com\/#website\"},\"primaryImageOfPage\":{\"@id\":\"https:\/\/www.ntic-service.com\/404-2\/#primaryimage\"},\"image\":{\"@id\":\"https:\/\/www.ntic-service.com\/404-2\/#primaryimage\"},\"thumbnailUrl\":\"https:\/\/onum-wp.s3.amazonaws.com\/images\/404.png\",\"datePublished\":\"2020-10-12T10:47:09+00:00\",\"dateModified\":\"2020-10-12T10:47:09+00:00\",\"description\":\"Notre agence digitale vous propose une large gamme de services informatiques, du d\u00e9veloppement web aux applications en passant par les solutions cloud, l\u2019infog\u00e9rance et la s\u00e9curit\u00e9 informatique.\",\"breadcrumb\":{\"@id\":\"https:\/\/www.ntic-service.com\/404-2\/#breadcrumb\"},\"inLanguage\":\"en-US\",\"potentialAction\":[{\"@type\":\"ReadAction\",\"target\":[\"https:\/\/www.ntic-service.com\/404-2\/\"]}]},{\"@type\":\"ImageObject\",\"inLanguage\":\"en-US\",\"@id\":\"https:\/\/www.ntic-service.com\/404-2\/#primaryimage\",\"url\":\"https:\/\/onum-wp.s3.amazonaws.com\/images\/404.png\",\"contentUrl\":\"https:\/\/onum-wp.s3.amazonaws.com\/images\/404.png\"},{\"@type\":\"BreadcrumbList\",\"@id\":\"https:\/\/www.ntic-service.com\/404-2\/#breadcrumb\",\"itemListElement\":[{\"@type\":\"ListItem\",\"position\":1,\"name\":\"Accueil\",\"item\":\"https:\/\/www.ntic-service.com\/\"},{\"@type\":\"ListItem\",\"position\":2,\"name\":\"404\"}]},{\"@type\":\"WebSite\",\"@id\":\"https:\/\/www.ntic-service.com\/#website\",\"url\":\"https:\/\/www.ntic-service.com\/\",\"name\":\"Agence digitale | NTIC Service\",\"description\":\"Le socle des solutions num\u00e9riques\",\"publisher\":{\"@id\":\"https:\/\/www.ntic-service.com\/#organization\"},\"potentialAction\":[{\"@type\":\"SearchAction\",\"target\":{\"@type\":\"EntryPoint\",\"urlTemplate\":\"https:\/\/www.ntic-service.com\/?s={search_term_string}\"},\"query-input\":\"required name=search_term_string\"}],\"inLanguage\":\"en-US\"},{\"@type\":\"Organization\",\"@id\":\"https:\/\/www.ntic-service.com\/#organization\",\"name\":\"NTIC Service\",\"url\":\"https:\/\/www.ntic-service.com\/\",\"logo\":{\"@type\":\"ImageObject\",\"inLanguage\":\"en-US\",\"@id\":\"https:\/\/www.ntic-service.com\/#\/schema\/logo\/image\/\",\"url\":\"https:\/\/www.ntic-service.com\/wp-content\/uploads\/2021\/10\/logo-900x900-1.png\",\"contentUrl\":\"https:\/\/www.ntic-service.com\/wp-content\/uploads\/2021\/10\/logo-900x900-1.png\",\"width\":900,\"height\":900,\"caption\":\"NTIC Service\"},\"image\":{\"@id\":\"https:\/\/www.ntic-service.com\/#\/schema\/logo\/image\/\"},\"sameAs\":[\"https:\/\/www.facebook.com\/nticsert\",\"https:\/\/x.com\/nticsert\",\"https:\/\/www.instagram.com\/nticservices\",\"https:\/\/www.linkedin.com\/company\/ntic-service\",\"https:\/\/www.youtube.com\/channel\/UCKVpURkrYJFNJuzuIQn2uvg\"]}]}<\/script>\n<!-- \/ Yoast SEO plugin. -->","yoast_head_json":{"title":"404 - Agence digitale | NTIC Service","description":"Notre agence digitale vous propose une large gamme de services informatiques, du d\u00e9veloppement web aux applications en passant par les solutions cloud, l\u2019infog\u00e9rance et la s\u00e9curit\u00e9 informatique.","robots":{"index":"index","follow":"follow","max-snippet":"max-snippet:-1","max-image-preview":"max-image-preview:large","max-video-preview":"max-video-preview:-1"},"canonical":"https:\/\/www.ntic-service.com\/en\/404-2\/","og_locale":"en_US","og_type":"article","og_title":"404 - Agence digitale | NTIC Service","og_description":"Notre agence digitale vous propose une large gamme de services informatiques, du d\u00e9veloppement web aux applications en passant par les solutions cloud, l\u2019infog\u00e9rance et la s\u00e9curit\u00e9 informatique.","og_url":"https:\/\/www.ntic-service.com\/en\/404-2\/","og_site_name":"Agence digitale | NTIC Service","article_publisher":"https:\/\/www.facebook.com\/nticsert","og_image":[{"url":"https:\/\/onum-wp.s3.amazonaws.com\/images\/404.png"}],"twitter_card":"summary_large_image","twitter_site":"@nticsert","schema":{"@context":"https:\/\/schema.org","@graph":[{"@type":"WebPage","@id":"https:\/\/www.ntic-service.com\/404-2\/","url":"https:\/\/www.ntic-service.com\/404-2\/","name":"404 - Agence digitale | NTIC Service","isPartOf":{"@id":"https:\/\/www.ntic-service.com\/#website"},"primaryImageOfPage":{"@id":"https:\/\/www.ntic-service.com\/404-2\/#primaryimage"},"image":{"@id":"https:\/\/www.ntic-service.com\/404-2\/#primaryimage"},"thumbnailUrl":"https:\/\/onum-wp.s3.amazonaws.com\/images\/404.png","datePublished":"2020-10-12T10:47:09+00:00","dateModified":"2020-10-12T10:47:09+00:00","description":"Notre agence digitale vous propose une large gamme de services informatiques, du d\u00e9veloppement web aux applications en passant par les solutions cloud, l\u2019infog\u00e9rance et la s\u00e9curit\u00e9 informatique.","breadcrumb":{"@id":"https:\/\/www.ntic-service.com\/404-2\/#breadcrumb"},"inLanguage":"en-US","potentialAction":[{"@type":"ReadAction","target":["https:\/\/www.ntic-service.com\/404-2\/"]}]},{"@type":"ImageObject","inLanguage":"en-US","@id":"https:\/\/www.ntic-service.com\/404-2\/#primaryimage","url":"https:\/\/onum-wp.s3.amazonaws.com\/images\/404.png","contentUrl":"https:\/\/onum-wp.s3.amazonaws.com\/images\/404.png"},{"@type":"BreadcrumbList","@id":"https:\/\/www.ntic-service.com\/404-2\/#breadcrumb","itemListElement":[{"@type":"ListItem","position":1,"name":"Accueil","item":"https:\/\/www.ntic-service.com\/"},{"@type":"ListItem","position":2,"name":"404"}]},{"@type":"WebSite","@id":"https:\/\/www.ntic-service.com\/#website","url":"https:\/\/www.ntic-service.com\/","name":"Agence digitale | NTIC Service","description":"Le socle des solutions num\u00e9riques","publisher":{"@id":"https:\/\/www.ntic-service.com\/#organization"},"potentialAction":[{"@type":"SearchAction","target":{"@type":"EntryPoint","urlTemplate":"https:\/\/www.ntic-service.com\/?s={search_term_string}"},"query-input":"required name=search_term_string"}],"inLanguage":"en-US"},{"@type":"Organization","@id":"https:\/\/www.ntic-service.com\/#organization","name":"NTIC Service","url":"https:\/\/www.ntic-service.com\/","logo":{"@type":"ImageObject","inLanguage":"en-US","@id":"https:\/\/www.ntic-service.com\/#\/schema\/logo\/image\/","url":"https:\/\/www.ntic-service.com\/wp-content\/uploads\/2021\/10\/logo-900x900-1.png","contentUrl":"https:\/\/www.ntic-service.com\/wp-content\/uploads\/2021\/10\/logo-900x900-1.png","width":900,"height":900,"caption":"NTIC Service"},"image":{"@id":"https:\/\/www.ntic-service.com\/#\/schema\/logo\/image\/"},"sameAs":["https:\/\/www.facebook.com\/nticsert","https:\/\/x.com\/nticsert","https:\/\/www.instagram.com\/nticservices","https:\/\/www.linkedin.com\/company\/ntic-service","https:\/\/www.youtube.com\/channel\/UCKVpURkrYJFNJuzuIQn2uvg"]}]}},"_links":{"self":[{"href":"https:\/\/www.ntic-service.com\/en\/wp-json\/wp\/v2\/pages\/4431","targetHints":{"allow":["GET"]}}],"collection":[{"href":"https:\/\/www.ntic-service.com\/en\/wp-json\/wp\/v2\/pages"}],"about":[{"href":"https:\/\/www.ntic-service.com\/en\/wp-json\/wp\/v2\/types\/page"}],"author":[{"embeddable":true,"href":"https:\/\/www.ntic-service.com\/en\/wp-json\/wp\/v2\/users\/1"}],"replies":[{"embeddable":true,"href":"https:\/\/www.ntic-service.com\/en\/wp-json\/wp\/v2\/comments?post=4431"}],"version-history":[{"count":0,"href":"https:\/\/www.ntic-service.com\/en\/wp-json\/wp\/v2\/pages\/4431\/revisions"}],"wp:attachment":[{"href":"https:\/\/www.ntic-service.com\/en\/wp-json\/wp\/v2\/media?parent=4431"}],"curies":[{"name":"wp","href":"https:\/\/api.w.org\/{rel}","templated":true}]}}